{"id":153,"date":"2016-08-03T13:14:37","date_gmt":"2016-08-03T13:14:37","guid":{"rendered":"http:\/\/demo.olevmedia.net\/wheelsberry\/?page_id=9"},"modified":"2024-05-08T13:09:22","modified_gmt":"2024-05-08T10:09:22","slug":"homepage","status":"publish","type":"page","link":"https:\/\/bartinkiralikoto.com\/","title":{"rendered":"Homepage"},"content":{"rendered":"<p>[vc_row full_width=&#8221;stretch_row&#8221; el_id=&#8221;services&#8221;][vc_column][vc_custom_heading text=&#8221;Hizmetlerimiz&#8221; text_additional=&#8221;\u00d6zt\u00fcrk Oto Kiralama Fark\u0131n\u0131 Hissedin!&#8221; font_container=&#8221;tag:h2|text_align:center&#8221;][om_max_width max_width=&#8221;960&#8243;][om_services top_padding=&#8221;250&#8243; bottom_padding=&#8221;100&#8243;][om_services_item title=&#8221;\u015eehir \u0130\u00e7i Ara\u00e7 Kiralama&#8221; link=&#8221;|||&#8221; bg_image=&#8221;40&#8243;]\u015eehir i\u00e7i seyahatlerinizde \u00f6zg\u00fcrl\u00fc\u011f\u00fc ve konforu ke\u015ffedin! \u015eehir \u0130\u00e7i Ara\u00e7 Kiralama hizmetimizle, \u015fehri ke\u015ffetmek hi\u00e7 bu kadar kolay olmam\u0131\u015ft\u0131. Siz nerede olursan\u0131z olun, istedi\u011finiz zaman istedi\u011finiz yerde bir araca sahip olun[\/om_services_item][om_services_item title=&#8221;Zonguldak Hava Liman\u0131 Ara\u00e7 Kiralama&#8221; link=&#8221;|||&#8221; bg_image=&#8221;40&#8243;]Geni\u015f ara\u00e7 filomuz ile uluslararas\u0131 yolcular i\u00e7in Zonguldak hava liman\u0131nda da sizlere hizmet vermekten memnuniyet duyuyoruz.[\/om_services_item][om_services_item title=&#8221;\u015eehir D\u0131\u015f\u0131 Ara\u00e7 Kiralama&#8221; link=&#8221;|||&#8221; bg_image=&#8221;40&#8243;]Geni\u015f ara\u00e7 filomuz ile kendinize \u00f6zel arac\u0131 se\u00e7erek yepyeni ke\u015fifler i\u00e7in haz\u0131r m\u0131s\u0131n\u0131z? \u015eehir D\u0131\u015f\u0131 Ara\u00e7 Kiralama hizmetimizle, \u015fehir s\u0131n\u0131rlar\u0131n\u0131 a\u015f\u0131n ve maceraya do\u011fru yol al\u0131n.[\/om_services_item][\/om_services][\/om_max_width][vc_empty_space height=&#8221;40px&#8221;][\/vc_column][\/vc_row][vc_row full_width=&#8221;stretch_row&#8221; el_id=&#8221;about&#8221; css=&#8221;.vc_custom_1470245913143{background-color: #ffffff !important;}&#8221;][vc_column][vc_empty_space height=&#8221;40px&#8221;][vc_custom_heading text=&#8221;Hakk\u0131m\u0131zda&#8221; text_additional=&#8221;\u00d6zt\u00fcrk Oto Kiralama Misyonu&#8221; font_container=&#8221;tag:h2|text_align:center&#8221;][om_about][om_about_item content_block=&#8221;counter&#8221; title=&#8221;Bizi Yak\u0131ndan Tan\u0131y\u0131n&#8221; image=&#8221;50&#8243; img=&#8221;51&#8243; counter_title=&#8221;Mutlu M\u00fc\u015fteri&#8221; counter_value=&#8221;1000+&#8221;]\u0130htiyac\u0131n\u0131z olan mobiliteye ho\u015f geldiniz! \u00d6ZT\u00dcRK OTO K\u0130RALAMA olarak, seyahatlerinizde size m\u00fckemmel bir deneyim sunmay\u0131 hedefliyoruz.[\/om_about_item][om_about_item content_block=&#8221;img&#8221; title=&#8221;B\u0130Z\u0130 YAKINDAN TANIYIN&#8221; image=&#8221;51&#8243; img=&#8221;53&#8243; content_img=&#8221;54&#8243;]Sundu\u011fumuz kapsaml\u0131 ara\u00e7 kiralama hizmetleriyle, m\u00fc\u015fterilerimize her zaman g\u00fcvenilir, kaliteli ve uygun fiyatl\u0131 bir se\u00e7enek sunuyoruz.[\/om_about_item][om_about_item content_block=&#8221;img&#8221; title=&#8221;\u00d6ZT\u00dcRK OTO K\u0130RALAMA&#8221; image=&#8221;51&#8243; img=&#8221;89&#8243; content_img=&#8221;57&#8243;]\u00d6ZT\u00dcRK OTO K\u0130RALAMA, sekt\u00f6rde yenilik\u00e7i ve lider bir markad\u0131r. M\u00fc\u015fteri memnuniyetini her zaman \u00f6n planda tutarak, seyahatlerinizde size en iyi hizmeti sunmay\u0131 ama\u00e7l\u0131yoruz.[\/om_about_item][\/om_about][vc_empty_space height=&#8221;40px&#8221;][\/vc_column][\/vc_row][vc_row full_width=&#8221;stretch_row&#8221; el_id=&#8221;testimonials&#8221; css=&#8221;.vc_custom_1470247299737{background-color: #f7f7f7 !important;}&#8221;][vc_column][vc_empty_space height=&#8221;40px&#8221;][vc_custom_heading text=&#8221;M\u00fc\u015fteriler bizim hakk\u0131m\u0131zda ne s\u00f6yl\u00fcyor?&#8221; font_container=&#8221;tag:h2|text_align:center&#8221; uppercase=&#8221;yes&#8221;][om_testimonials][om_testimonials_item author=&#8221;Furkan Danac\u0131 &#8211; SEO FD&#8221;]\u00d6zt\u00fcrk Oto Kiralamadan daha \u00f6nce i\u015f seyahatimiz i\u00e7in defalarca ara\u00e7 kiralad\u0131k. Kadir \u00d6zt\u00fcrke ilgi ve alakas\u0131 i\u00e7in \u00e7ok te\u015fekk\u00fcr ederiz. Ara\u00e7lar\u0131 ger\u00e7ekten \u00e7ok temiz ve bak\u0131ml\u0131.[\/om_testimonials_item][om_testimonials_item author=&#8221;Erdem G\u00fcne\u015f &#8211; Bart\u0131n&#8221;]\u0130\u015f deneyimi, ilgi ve alakas\u0131ndan dolay\u0131 \u00d6zt\u00fcrk oto kiralamaya \u00e7ok te\u015fekk\u00fcr ederim. Kadir beye de ayr\u0131ca \u00e7ok te\u015fekk\u00fctler.[\/om_testimonials_item][\/om_testimonials][vc_empty_space height=&#8221;40px&#8221;][\/vc_column][\/vc_row][vc_row full_width=&#8221;stretch_row_content_no_spaces&#8221; el_id=&#8221;locations&#8221;][vc_column][om_rental_locations zoom=&#8221;16&#8243; title=&#8221;Ofisimiz Nerede?&#8221;][vc_gmaps link=&#8221;#E-8_JTNDaWZyYW1lJTIwc3JjJTNEJTIyaHR0cHMlM0ElMkYlMkZ3d3cuZ29vZ2xlLmNvbSUyRm1hcHMlMkZlbWJlZCUzRnBiJTNEJTIxMW0xOCUyMTFtMTIlMjExbTMlMjExZDI5ODIuMTIwMjg5MDE3MzQ0JTIxMmQzMi4zMzc4ODU2JTIxM2Q0MS42MzE1MzEzJTIxMm0zJTIxMWYwJTIxMmYwJTIxM2YwJTIxM20yJTIxMWkxMDI0JTIxMmk3NjglMjE0ZjEzLjElMjEzbTMlMjExbTIlMjExczB4NDA5YjczYjQ4MzQ3NjFkMSUyNTNBMHg4NDBlNTM4OTk0NTM5MzI3JTIxMnp3NVo2ZE1POGNtc2dUM1J2SUV0cGNtRnNZVzFoSUVKaGNuVEVzVzQlMjE1ZTAlMjEzbTIlMjExc3RyJTIxMnN0ciUyMTR2MTcxNDU1MzY2NDIyOSUyMTVtMiUyMTFzdHIlMjEyc3RyJTIyJTIwd2lkdGglM0QlMjI2MDAlMjIlMjBoZWlnaHQlM0QlMjI0NTAlMjIlMjBzdHlsZSUzRCUyMmJvcmRlciUzQTAlM0IlMjIlMjBhbGxvd2Z1bGxzY3JlZW4lM0QlMjIlMjIlMjBsb2FkaW5nJTNEJTIybGF6eSUyMiUyMHJlZmVycmVycG9saWN5JTNEJTIybm8tcmVmZXJyZXItd2hlbi1kb3duZ3JhZGUlMjIlM0UlM0MlMkZpZnJhbWUlM0U=&#8221;][\/vc_column][\/vc_row][vc_row full_width=&#8221;stretch_row&#8221; el_id=&#8221;contacts&#8221;][vc_column][vc_empty_space height=&#8221;40px&#8221;][vc_custom_heading text=&#8221;Hemen \u0130leti\u015fime Ge\u00e7&#8221; text_additional=&#8221;\u0130leti\u015fime ge\u00e7erek ara\u00e7lar\u0131m\u0131z ve fiyatlar\u0131m\u0131z hakk\u0131nda bilgi alabilirsiniz!&#8221; font_container=&#8221;tag:h2|text_align:center&#8221; uppercase=&#8221;yes&#8221;][om_persons][om_persons_item img_stand_out=&#8221;yes&#8221; name=&#8221;Kadir \u00d6zt\u00fcrk&#8221; post=&#8221;Y\u00f6netici&#8221; phone=&#8221;+90 543 699 04 90&#8243; email=&#8221;bilgi@bartinkiralikoto.com&#8221; img=&#8221;185&#8243; img_offset_x=&#8221;32&#8243; img_offset_y=&#8221;70&#8243;][\/om_persons][om_logos grayscale=&#8221;yes&#8221; images=&#8221;73,74,75,76&#8243;][vc_empty_space height=&#8221;20px&#8221;][\/vc_column][\/vc_row][vc_row][vc_column][vc_column_text el_class=&#8221;kaydir&#8221; el_id=&#8221;kaydir&#8221;]<\/p>\n<h1 style=\"text-align: center;\">Bart\u0131n Kiral\u0131k Oto<\/h1>\n<p style=\"text-align: center;\">Bart\u0131n; her ge\u00e7en g\u00fcn artan n\u00fcfusu ve geli\u015fen ekonomisiyle u\u011frak noktalardan biri haline gelmi\u015ftir. Hem yerel halk\u0131n hem de misafirlerin yararlanabilece\u011fi yeni nesil ula\u015f\u0131m se\u00e7eneklerine duyulan ihtiya\u00e7 da giderek artmaktad\u0131r. Bu noktada \u00f6n plana \u00e7\u0131kan <strong>Bart\u0131n kiral\u0131k oto<\/strong> hizmetleri kapsam\u0131nda hem \u015fehir i\u00e7i hem \u015fehir d\u0131\u015f\u0131 ara\u00e7 kiralama se\u00e7eneklerinden yararlanabilirsiniz. \u00d6zt\u00fcrk Oto olarak sundu\u011fumuz geni\u015f ara\u00e7 filosu i\u00e7erisinden kendinizi rahat hissedebilece\u011finiz onlarca se\u00e7ene\u011fi de\u011ferlendirmeniz m\u00fcmk\u00fcnd\u00fcr.<\/p>\n<h2 style=\"text-align: center;\">Bart\u0131n \u015eehir \u0130\u00e7i Ara\u00e7 Kiralama<\/h2>\n<p style=\"text-align: center;\">\u015eehir i\u00e7i ara\u00e7 kiralama hizmetleri, bireysel veya kurumsal olarak yararlanabilece\u011finiz yeni nesil ula\u015f\u0131m \u00e7\u00f6z\u00fcmlerinden biridir. \u00d6zellikle i\u015fletmelerin ula\u015f\u0131m ihtiya\u00e7lar\u0131na avantajl\u0131 bir \u00e7\u00f6z\u00fcm sunan <strong>Bart\u0131n kiral\u0131k oto<\/strong> se\u00e7enekleri; g\u00fcvenlik, konfor ve b\u00fct\u00e7e dostu \u00f6zellikleriyle dikkat \u00e7eker. Otomobil sat\u0131n almaktan daha avantajl\u0131 bir prosed\u00fcr sunan \u00d6zt\u00fcrk Oto firmam\u0131z, Bart\u0131n i\u00e7erisinde ihtiyac\u0131n\u0131z olan ula\u015f\u0131m ara\u00e7lar\u0131n\u0131 her b\u00fct\u00e7eye hitap edecek se\u00e7eneklerle sunar. \u015eehir i\u00e7i ara\u00e7 kiralama hizmetlerinin kapsam\u0131 ve avantajlar\u0131 ise a\u015fa\u011f\u0131daki gibidir:<\/p>\n<ul style=\"text-align: center;\">\n<li style=\"text-align: left;\">Sat\u0131n al\u0131nan ara\u00e7larda vergi ve bak\u0131m masraflar\u0131 son derece y\u00fcksektir. Ancak kiralam\u0131\u015f oldu\u011funuz otomobillerin periyodik masraflar\u0131 taraf\u0131m\u0131za aittir. T\u00fcm ara\u00e7lar\u0131m\u0131z\u0131n zorunlu ara\u00e7 sigortas\u0131 bulunmakla birlikte bak\u0131mlar\u0131 aksat\u0131lmadan yap\u0131lmaktad\u0131r.<\/li>\n<li style=\"text-align: left;\">Kiralanan otomobille kaza yapman\u0131z halinde hasar g\u00f6ren arac\u0131n tamir ve bak\u0131m i\u015flemlerini beklemenize gerek yoktur. \u015eirketimiz, taraf\u0131n\u0131za hasarl\u0131 arac\u0131n yerine yeni bir otomobil tahsis etmektedir.<\/li>\n<li style=\"text-align: left;\">T\u00fcm otomobillerin bak\u0131m\u0131 ve temizli\u011fi \u015firketimiz taraf\u0131ndan yap\u0131ld\u0131\u011f\u0131 i\u00e7in zaman kaybetmeden yola \u00e7\u0131kman\u0131z m\u00fcmk\u00fcnd\u00fcr.<\/li>\n<li style=\"text-align: left;\">\u00d6zt\u00fcrk Oto firmam\u0131za g\u00fcn\u00fcn her saatinde ula\u015fabilirsiniz. Ara\u00e7 kiralama hizmeti, s\u00fcre\u00e7 takibi ve ya\u015fad\u0131\u011f\u0131n\u0131z t\u00fcm sorunlarda firmam\u0131z 7\/24 destek vermektedir.<\/li>\n<\/ul>\n<p style=\"text-align: center;\"><strong>Bart\u0131n kiral\u0131k oto<\/strong> hizmetlerimizden yararlanmak i\u00e7in i\u015flemlerinizi online olarak ger\u00e7ekle\u015ftirme \u015fans\u0131n\u0131z da vard\u0131r. Web sitemizde yer alan opsiyonlardan yararlanarak arac\u0131n al\u0131naca\u011f\u0131 ve b\u0131rak\u0131laca\u011f\u0131 yer, tarih ve saat aral\u0131klar\u0131na g\u00f6re size uygun se\u00e7enekleri g\u00f6rebilirsiniz. Fiat Egea, Renault Megane 4, Dacia Duster gibi marka ve modellerle birlikte beklenti ve ihtiya\u00e7lar\u0131n\u0131za hitap eden t\u00fcm ara\u00e7 se\u00e7eneklerini kar\u015f\u0131la\u015ft\u0131rabilir, avantajl\u0131 fiyat se\u00e7eneklerimizle yolculuk maliyetinizi b\u00fcy\u00fck \u00f6l\u00e7\u00fcde hafifletebilirsiniz.<\/p>\n<h2 style=\"text-align: center;\">Zonguldak Havaalan\u0131 Ara\u00e7 Kiralama<\/h2>\n<p style=\"text-align: center;\"><strong>Bart\u0131n kiral\u0131k oto<\/strong> hizmetlerimiz kapsam\u0131nda havaalan\u0131 ara\u00e7 kiralama se\u00e7enekleri de sunulmaktad\u0131r. Kiralad\u0131\u011f\u0131n\u0131z ara\u00e7lar\u0131n periyodik bak\u0131mlar\u0131 d\u00fczenli olarak yap\u0131ld\u0131\u011f\u0131 i\u00e7in yolda herhangi bir sorun ya\u015fama riskiniz minimuma indirilmi\u015ftir. Ayn\u0131 zamanda firmam\u0131za 7\/24 destek hatt\u0131 \u00fczerinden her an ula\u015fabilir, ya\u015fad\u0131\u011f\u0131n\u0131z sorunlara an\u0131nda \u00e7\u00f6z\u00fcm bulabilirsiniz.<\/p>\n<p style=\"text-align: center;\">Havaalan\u0131 ara\u00e7 kiralama hizmetlerimizden yararlanmak i\u00e7in web sitemizde yer alan formu doldurman\u0131z veya ileti\u015fim numaras\u0131 \u00fczerinden bizimle irtibata ge\u00e7meniz yeterlidir. Geni\u015f bir filoya sahip olan firmam\u0131z, taraf\u0131n\u0131za en uygun ula\u015f\u0131m \u00e7\u00f6z\u00fcm\u00fcn\u00fc sunmakta ve yolculu\u011funuzu konforlu hale getirecek t\u00fcm bak\u0131mlar\u0131 \u00fcstlenmektedir. Sizler de ihtiya\u00e7lar\u0131n\u0131za hitap eden otomobil se\u00e7eneklerini inceleyebilir, b\u00fct\u00e7e dostu f\u0131rsatlar\u0131m\u0131zdan yararlanmak i\u00e7in hemen rezervasyon yapabilirsiniz.<\/p>\n<h2 style=\"text-align: center;\">Bart\u0131n \u015eehir D\u0131\u015f\u0131 Ara\u00e7 Kiralama<\/h2>\n<p style=\"text-align: center;\"><strong>Bart\u0131n oto kiralama<\/strong> hizmetlerimizden sadece \u015fehir i\u00e7i yolculuklar\u0131n\u0131z i\u00e7in de\u011fil, ayn\u0131 zamanda \u015fehir d\u0131\u015f\u0131 seyahatleriniz i\u00e7in de yararlanabilirsiniz. Konforlu bir s\u00fcr\u00fc\u015f deneyimi vadeden otomobil se\u00e7eneklerimiz sayesinde yolculu\u011funuzu \u00e7ok daha keyifli hale getirmeniz m\u00fcmk\u00fcnd\u00fcr. Beklenti ve ihtiya\u00e7lar\u0131n\u0131za g\u00f6re otomobillerin vites \u00f6zelli\u011fi, bagaj geni\u015fli\u011fi ve yolcu kapasitesi gibi \u00f6zelliklerini de\u011ferlendirebilirsiniz.<\/p>\n<p style=\"text-align: center;\">Manuel ve otomatik vites se\u00e7enekleri, geni\u015f yolcu kapasitesi, 2 bavul alabilecek bagaj geni\u015fli\u011fine sahip olan ara\u00e7 alternatifleri; \u015fehir d\u0131\u015f\u0131 seyahatleriniz i\u00e7in idealdir. Di\u011fer yandan ekonomik se\u00e7enekler sunan i\u015fletmemiz, seyahat masraflar\u0131n\u0131z\u0131 hafifletmeniz a\u00e7\u0131s\u0131ndan olduk\u00e7a avantajl\u0131d\u0131r. Sizler de hem \u015fehir i\u00e7i hem \u015fehir d\u0131\u015f\u0131 seyahatlerinizde \u00d6zt\u00fcrk Oto ekibimizle ileti\u015fime ge\u00e7ebilir, temiz ve bak\u0131ml\u0131 ara\u00e7lar\u0131m\u0131zla sorunsuz bir \u015fekilde yolculu\u011fa \u00e7\u0131kabilirsiniz.<\/p>\n<p>[\/vc_column_text][\/vc_column][\/vc_row]<\/p>\n","protected":false},"excerpt":{"rendered":"<p>[vc_row full_width=&#8221;stretch_row&#8221; el_id=&#8221;services&#8221;][vc_column][vc_custom_heading text=&#8221;Hizmetlerimiz&#8221; text_additional=&#8221;\u00d6zt\u00fcrk Oto Kiralama Fark\u0131n\u0131 Hissedin!&#8221; font_container=&#8221;tag:h2|text_align:center&#8221;][om_max_width max_width=&#8221;960&#8243;][om_services top_padding=&#8221;250&#8243; bottom_padding=&#8221;100&#8243;][om_services_item title=&#8221;\u015eehir \u0130\u00e7i Ara\u00e7 Kiralama&#8221; link=&#8221;|||&#8221; bg_image=&#8221;40&#8243;]\u015eehir i\u00e7i seyahatlerinizde \u00f6zg\u00fcrl\u00fc\u011f\u00fc ve konforu ke\u015ffedin!&hellip;<\/p>\n<p><a href=\"https:\/\/bartinkiralikoto.com\/\" class=\"read-more-link\">Read more<\/a><\/p>\n","protected":false},"author":1,"featured_media":0,"parent":0,"menu_order":0,"comment_status":"closed","ping_status":"closed","template":"","meta":{"om_disable_all_campaigns":false,"_monsterinsights_skip_tracking":false,"_monsterinsights_sitenote_active":false,"_monsterinsights_sitenote_note":"","_monsterinsights_sitenote_category":0,"footnotes":""},"class_list":["post-153","page","type-page","status-publish","hentry"],"aioseo_notices":[],"_links":{"self":[{"href":"https:\/\/bartinkiralikoto.com\/index.php\/wp-json\/wp\/v2\/pages\/153","targetHints":{"allow":["GET"]}}],"collection":[{"href":"https:\/\/bartinkiralikoto.com\/index.php\/wp-json\/wp\/v2\/pages"}],"about":[{"href":"https:\/\/bartinkiralikoto.com\/index.php\/wp-json\/wp\/v2\/types\/page"}],"author":[{"embeddable":true,"href":"https:\/\/bartinkiralikoto.com\/index.php\/wp-json\/wp\/v2\/users\/1"}],"replies":[{"embeddable":true,"href":"https:\/\/bartinkiralikoto.com\/index.php\/wp-json\/wp\/v2\/comments?post=153"}],"version-history":[{"count":24,"href":"https:\/\/bartinkiralikoto.com\/index.php\/wp-json\/wp\/v2\/pages\/153\/revisions"}],"predecessor-version":[{"id":235,"href":"https:\/\/bartinkiralikoto.com\/index.php\/wp-json\/wp\/v2\/pages\/153\/revisions\/235"}],"wp:attachment":[{"href":"https:\/\/bartinkiralikoto.com\/index.php\/wp-json\/wp\/v2\/media?parent=153"}],"curies":[{"name":"wp","href":"https:\/\/api.w.org\/{rel}","templated":true}]}}